{"id":194,"date":"2023-04-19T11:10:10","date_gmt":"2023-04-19T11:10:10","guid":{"rendered":"https:\/\/eventos.enberuniversity.com\/evento\/?page_id=194"},"modified":"2023-05-03T19:32:38","modified_gmt":"2023-05-03T19:32:38","slug":"faixada-evento-enber","status":"publish","type":"page","link":"https:\/\/eventos.enberuniversity.com\/evento\/","title":{"rendered":"Faixada Evento Enber"},"content":{"rendered":"\t\t<div data-elementor-type=\"wp-page\" data-elementor-id=\"194\" class=\"elementor elementor-194\">\n\t\t\t\t\t\t\t\t\t<section class=\"elementor-section elementor-top-section elementor-element elementor-element-32e9360 elementor-section-full_width elementor-section-height-full elementor-section-stretched elementor-section-height-default elementor-section-items-middle\" data-id=\"32e9360\" data-element_type=\"section\" data-settings=\"{&quot;stretch_section&quot;:&quot;section-stretched&quot;}\">\n\t\t\t\t\t\t<div class=\"elementor-container elementor-column-gap-no\">\n\t\t\t\t\t<div class=\"elementor-column elementor-col-100 elementor-top-column elementor-element elementor-element-8f6bb8c\" data-id=\"8f6bb8c\" data-element_type=\"column\">\n\t\t\t<div class=\"elementor-widget-wrap elementor-element-populated\">\n\t\t\t\t\t\t\t\t<div class=\"elementor-element elementor-element-4573661 elementor-widget elementor-widget-shortcode\" data-id=\"4573661\" data-element_type=\"widget\" data-widget_type=\"shortcode.default\">\n\t\t\t\t<div class=\"elementor-widget-container\">\n\t\t\t\t\t<div class=\"elementor-shortcode\"><!-- ipanorama begin --><div class=\"ipanorama ipnrm-2\" data-json-src=\"https:\/\/eventos.enberuniversity.com\/evento\/wp-json\/ipanorama\/v1\/item\/2?ver=1699039183\" data-item-id=\"2\" style=\"display:none;\"><div class=\"ipnrm-store\" style=\"display:none;\">\n<div class=\"ipnrm-scene\" data-scene-id=\"53E2E73B08\">\n<div class=\"ipnrm-markers-data\">\n<div class=\"ipnrm-data\" data-marker-id=\"2388227F0D\">\n<div class=\"ipnrm-tag\">\n<div class=\"ipnrm-lbl\">\n<div class=\"ipnrm-ico\"><i class=\"fa fa-podcast\"><\/i><\/div>\n<\/div>\n<\/div>\n<\/div>\n<\/div>\n<div class=\"ipnrm-tooltips-data\">\n<\/div>\n<div class=\"ipnrm-popovers-data\">\n<\/div>\n<\/div>\n<div class=\"ipnrm-scene\" data-scene-id=\"A78A7C1A07\">\n<div class=\"ipnrm-markers-data\">\n<div class=\"ipnrm-data\" data-marker-id=\"C19F0EFBB7\">\n<div class=\"ipnrm-tag\">\n<div class=\"ipnrm-lbl\">\n<div class=\"ipnrm-ico\"><i class=\"fa fa-id-badge\"><\/i><\/div>\n<\/div>\n<\/div>\n<\/div>\n<div class=\"ipnrm-data\" data-marker-id=\"DABE38E92E\">\n<div class=\"ipnrm-tag\">\n<div class=\"ipnrm-lbl\">\n<div class=\"ipnrm-ico\"><i class=\"fa fa-sign-in\"><\/i><\/div>\n<\/div>\n<\/div>\n<\/div>\n<div class=\"ipnrm-data\" data-marker-id=\"9ECB80C6FD\">\n<div class=\"ipnrm-tag\">\n<div class=\"ipnrm-lbl\">\n<div class=\"ipnrm-ico\"><i class=\"fa fa-sign-out\"><\/i><\/div>\n<div class=\"ipnrm-txt\">Sair<\/div>\n<\/div>\n<\/div>\n<\/div>\n<\/div>\n<div class=\"ipnrm-tooltips-data\">\n<\/div>\n<div class=\"ipnrm-popovers-data\">\n<div class=\"ipnrm-data\" data-marker-id=\"C19F0EFBB7\">\n<p>\t\t<div data-elementor-type=\"section\" data-elementor-id=\"159\" class=\"elementor elementor-159\">\n\t\t\t\t\t\t\t\t<section class=\"elementor-section elementor-top-section elementor-element elementor-element-82acd53 elementor-section-boxed elementor-section-height-default elementor-section-height-default\" data-id=\"82acd53\" data-element_type=\"section\">\n\t\t\t\t\t\t<div class=\"elementor-container elementor-column-gap-default\">\n\t\t\t\t\t<div class=\"elementor-column elementor-col-100 elementor-top-column elementor-element elementor-element-f72aa3d\" data-id=\"f72aa3d\" data-element_type=\"column\">\n\t\t\t<div class=\"elementor-widget-wrap elementor-element-populated\">\n\t\t\t\t\t\t\t\t<div class=\"elementor-element elementor-element-1040fa1 elementor-widget elementor-widget-image\" data-id=\"1040fa1\" data-element_type=\"widget\" data-widget_type=\"image.default\">\n\t\t\t\t<div class=\"elementor-widget-container\">\n\t\t\t<style>\/*! elementor - v3.12.2 - 23-04-2023 *\/\n.elementor-widget-image{text-align:center}.elementor-widget-image a{display:inline-block}.elementor-widget-image a img[src$=\".svg\"]{width:48px}.elementor-widget-image img{vertical-align:middle;display:inline-block}<\/style>\t\t\t\t\t\t\t\t\t\t\t\t<img decoding=\"async\" width=\"150\" height=\"149\" src=\"https:\/\/eventos.enberuniversity.com\/evento\/wp-content\/uploads\/2023\/04\/LOGO-300x297-1.png\" class=\"attachment-large size-large wp-image-172\" alt=\"\" loading=\"lazy\" \/>\t\t\t\t\t\t\t\t\t\t\t\t\t\t\t<\/div>\n\t\t\t\t<\/div>\n\t\t\t\t<div class=\"elementor-element elementor-element-ea1a39d elementor-widget elementor-widget-wpforms\" data-id=\"ea1a39d\" data-element_type=\"widget\" data-widget_type=\"wpforms.default\">\n\t\t\t\t<div class=\"elementor-widget-container\">\n\t\t\t<div class=\"wpforms-container wpforms-container-full\" id=\"wpforms-260\"><form id=\"wpforms-form-260\" class=\"wpforms-validate wpforms-form wpforms-ajax-form\" data-formid=\"260\" method=\"post\" enctype=\"multipart\/form-data\" action=\"\/evento\/wp-json\/wp\/v2\/pages\/194\" data-token=\"b524532cfc4b4704dfc1980eb4664e70\"><noscript class=\"wpforms-error-noscript\">Ative o JavaScript no seu navegador para preencher este formul\u00e1rio.<\/noscript><div class=\"wpforms-field-container\"><div id=\"wpforms-260-field_1-container\" class=\"wpforms-field wpforms-field-text\" data-field-id=\"1\"><label class=\"wpforms-field-label wpforms-label-hide\" for=\"wpforms-260-field_1\">Nome  <span class=\"wpforms-required-label\">*<\/span><\/label><input type=\"text\" id=\"wpforms-260-field_1\" class=\"wpforms-field-large wpforms-field-required\" name=\"wpforms[fields][1]\" placeholder=\"Nome\" required><\/div><div id=\"wpforms-260-field_3-container\" class=\"wpforms-field wpforms-field-email\" data-field-id=\"3\"><label class=\"wpforms-field-label wpforms-label-hide\" for=\"wpforms-260-field_3\">E-mail <span class=\"wpforms-required-label\">*<\/span><\/label><input type=\"email\" id=\"wpforms-260-field_3\" class=\"wpforms-field-large wpforms-field-required\" name=\"wpforms[fields][3]\" placeholder=\"E-mail\" required><\/div><\/div><div class=\"wpforms-submit-container\"><input type=\"hidden\" name=\"wpforms[id]\" value=\"260\"><input type=\"hidden\" name=\"wpforms[author]\" value=\"1\"><button type=\"submit\" name=\"wpforms[submit]\" id=\"wpforms-submit-260\" class=\"wpforms-submit\" data-alt-text=\"Fazendo Check-in\u2026\" data-submit-text=\"Check-in\" aria-live=\"assertive\" value=\"wpforms-submit\">Check-in<\/button><img decoding=\"async\" loading=\"lazy\" src=\"https:\/\/eventos.enberuniversity.com\/evento\/wp-content\/plugins\/wpforms\/assets\/images\/submit-spin.svg\" class=\"wpforms-submit-spinner\" style=\"display: none;\" width=\"26\" height=\"26\" alt=\"\"><\/div><\/form><\/div>  <!-- .wpforms-container -->\t\t<\/div>\n\t\t\t\t<\/div>\n\t\t\t\t\t<\/div>\n\t\t<\/div>\n\t\t\t\t\t\t\t<\/div>\n\t\t<\/section>\n\t\t\t\t\t\t<\/div>\n\t\t<\/p>\n<\/div>\n<\/div>\n<\/div>\n<div class=\"ipnrm-scene\" data-scene-id=\"F7046881F1\">\n<div class=\"ipnrm-markers-data\">\n<div class=\"ipnrm-data\" data-marker-id=\"A76FBCADF2\">\n<div class=\"ipnrm-tag\">\n<div class=\"ipnrm-lbl\">\n<div class=\"ipnrm-ico\"><i class=\"fa fa-book\"><\/i><\/div>\n<\/div>\n<\/div>\n<\/div>\n<div class=\"ipnrm-data\" data-marker-id=\"4C7C970C76\">\n<div class=\"ipnrm-tag\">\n<div class=\"ipnrm-lbl\">\n<div class=\"ipnrm-ico\"><i class=\"fa fa-book\"><\/i><\/div>\n<\/div>\n<\/div>\n<\/div>\n<div class=\"ipnrm-data\" data-marker-id=\"1C7AC2524B\">\n<div class=\"ipnrm-tag\">\n<div class=\"ipnrm-lbl\">\n<div class=\"ipnrm-ico\"><i class=\"fa fa-book\"><\/i><\/div>\n<\/div>\n<\/div>\n<\/div>\n<div class=\"ipnrm-data\" data-marker-id=\"79D71991D2\">\n<div class=\"ipnrm-tag\">\n<div class=\"ipnrm-lbl\">\n<div class=\"ipnrm-ico\"><i class=\"fa fa-book\"><\/i><\/div>\n<\/div>\n<\/div>\n<\/div>\n<div class=\"ipnrm-data\" data-marker-id=\"8547C4EE19\">\n<div class=\"ipnrm-tag\">\n<div class=\"ipnrm-lbl\">\n<div class=\"ipnrm-ico\"><i class=\"fa fa-book\"><\/i><\/div>\n<\/div>\n<\/div>\n<\/div>\n<div class=\"ipnrm-data\" data-marker-id=\"EBA7E83654\">\n<div class=\"ipnrm-tag\">\n<div class=\"ipnrm-lbl\">\n<div class=\"ipnrm-ico\"><i class=\"fa fa-book\"><\/i><\/div>\n<\/div>\n<\/div>\n<\/div>\n<div class=\"ipnrm-data\" data-marker-id=\"C72073CFC3\">\n<div class=\"ipnrm-tag\">\n<div class=\"ipnrm-lbl\">\n<div class=\"ipnrm-ico\"><i class=\"fa fa-book\"><\/i><\/div>\n<\/div>\n<\/div>\n<\/div>\n<div class=\"ipnrm-data\" data-marker-id=\"0EDACB8682\">\n<div class=\"ipnrm-tag\">\n<div class=\"ipnrm-lbl\">\n<div class=\"ipnrm-ico\"><i class=\"fa fa-sign-in\"><\/i><\/div>\n<\/div>\n<\/div>\n<\/div>\n<div class=\"ipnrm-data\" data-marker-id=\"FFCBF05A3C\">\n<div class=\"ipnrm-tag\">\n<div class=\"ipnrm-lbl\">\n<div class=\"ipnrm-ico\"><i class=\"fa fa-sign-in\"><\/i><\/div>\n<\/div>\n<\/div>\n<\/div>\n<div class=\"ipnrm-data\" data-marker-id=\"FE842A0DEE\">\n<div class=\"ipnrm-tag\">\n<div class=\"ipnrm-lbl\">\n<div class=\"ipnrm-ico\"><i class=\"fa fa-sign-in\"><\/i><\/div>\n<\/div>\n<\/div>\n<\/div>\n<div class=\"ipnrm-data\" data-marker-id=\"60784D347F\">\n<div class=\"ipnrm-tag\">\n<div class=\"ipnrm-lbl\">\n<div class=\"ipnrm-ico\"><i class=\"fa fa-sign-in\"><\/i><\/div>\n<\/div>\n<\/div>\n<\/div>\n<div class=\"ipnrm-data\" data-marker-id=\"AEA1FAD279\">\n<div class=\"ipnrm-tag\">\n<div class=\"ipnrm-lbl\">\n<div class=\"ipnrm-ico\"><i class=\"fa fa-sign-in\"><\/i><\/div>\n<\/div>\n<\/div>\n<\/div>\n<div class=\"ipnrm-data\" data-marker-id=\"31F7144687\">\n<div class=\"ipnrm-tag\">\n<div class=\"ipnrm-lbl\">\n<div class=\"ipnrm-ico\"><i class=\"fa fa-sign-out\"><\/i><\/div>\n<div class=\"ipnrm-txt\">Sair<\/div>\n<\/div>\n<\/div>\n<\/div>\n<div class=\"ipnrm-data\" data-marker-id=\"B004646A3F\">\n<div class=\"ipnrm-tag\">\n<div class=\"ipnrm-lbl\">\n<div class=\"ipnrm-ico\"><i class=\"fa fa-sign-in\"><\/i><\/div>\n<\/div>\n<\/div>\n<\/div>\n<div class=\"ipnrm-data\" data-marker-id=\"C1B2C1BECC\">\n<div class=\"ipnrm-tag\">\n<div class=\"ipnrm-lbl\">\n<div class=\"ipnrm-ico\"><i class=\"fa fa-sign-in\"><\/i><\/div>\n<\/div>\n<\/div>\n<\/div>\n<\/div>\n<div class=\"ipnrm-tooltips-data\">\n<\/div>\n<div class=\"ipnrm-popovers-data\">\n<div class=\"ipnrm-data\" data-marker-id=\"A76FBCADF2\">\n<p>\t\t<div data-elementor-type=\"section\" data-elementor-id=\"204\" class=\"elementor elementor-204\">\n\t\t\t\t\t\t\t\t<section class=\"elementor-section elementor-top-section elementor-element elementor-element-3c6d5a4 elementor-section-boxed elementor-section-height-default elementor-section-height-default\" data-id=\"3c6d5a4\" data-element_type=\"section\">\n\t\t\t\t\t\t\t<div class=\"elementor-background-overlay\"><\/div>\n\t\t\t\t\t\t\t<div class=\"elementor-container elementor-column-gap-default\">\n\t\t\t\t\t<div class=\"elementor-column elementor-col-100 elementor-top-column elementor-element elementor-element-1113740\" data-id=\"1113740\" data-element_type=\"column\" data-settings=\"{&quot;background_background&quot;:&quot;gradient&quot;}\">\n\t\t\t<div class=\"elementor-widget-wrap elementor-element-populated\">\n\t\t\t\t\t<div class=\"elementor-background-overlay\"><\/div>\n\t\t\t\t\t\t\t\t<div class=\"elementor-element elementor-element-326ebc1 elementor-widget elementor-widget-heading\" data-id=\"326ebc1\" data-element_type=\"widget\" data-widget_type=\"heading.default\">\n\t\t\t\t<div class=\"elementor-widget-container\">\n\t\t\t<style>\/*! elementor - v3.12.2 - 23-04-2023 *\/\n.elementor-heading-title{padding:0;margin:0;line-height:1}.elementor-widget-heading .elementor-heading-title[class*=elementor-size-]>a{color:inherit;font-size:inherit;line-height:inherit}.elementor-widget-heading .elementor-heading-title.elementor-size-small{font-size:15px}.elementor-widget-heading .elementor-heading-title.elementor-size-medium{font-size:19px}.elementor-widget-heading .elementor-heading-title.elementor-size-large{font-size:29px}.elementor-widget-heading .elementor-heading-title.elementor-size-xl{font-size:39px}.elementor-widget-heading .elementor-heading-title.elementor-size-xxl{font-size:59px}<\/style><h2 class=\"elementor-heading-title elementor-size-default\">CONFIRA A NOSSA<\/h2>\t\t<\/div>\n\t\t\t\t<\/div>\n\t\t\t\t<div class=\"elementor-element elementor-element-8acc155 elementor-widget-tablet__width-inherit elementor-widget elementor-widget-heading\" data-id=\"8acc155\" data-element_type=\"widget\" data-widget_type=\"heading.default\">\n\t\t\t\t<div class=\"elementor-widget-container\">\n\t\t\t<h2 class=\"elementor-heading-title elementor-size-default\">PROGRAMA\u00c7\u00c3O<\/h2>\t\t<\/div>\n\t\t\t\t<\/div>\n\t\t\t\t<div class=\"elementor-element elementor-element-e360ccb elementor-widget elementor-widget-heading\" data-id=\"e360ccb\" data-element_type=\"widget\" data-widget_type=\"heading.default\">\n\t\t\t\t<div class=\"elementor-widget-container\">\n\t\t\t<h2 class=\"elementor-heading-title elementor-size-default\">11\/ MAI - QUINTA-FEIRA:\n<\/h2>\t\t<\/div>\n\t\t\t\t<\/div>\n\t\t\t\t<div class=\"elementor-element elementor-element-d55b837 elementor-icon-list--layout-traditional elementor-list-item-link-full_width elementor-widget elementor-widget-icon-list\" data-id=\"d55b837\" data-element_type=\"widget\" data-widget_type=\"icon-list.default\">\n\t\t\t\t<div class=\"elementor-widget-container\">\n\t\t\t<link rel=\"stylesheet\" href=\"https:\/\/eventos.enberuniversity.com\/evento\/wp-content\/plugins\/elementor\/assets\/css\/widget-icon-list.min.css\">\t\t<ul class=\"elementor-icon-list-items\">\n\t\t\t\t\t\t\t<li class=\"elementor-icon-list-item\">\n\t\t\t\t\t\t\t\t\t\t\t<span class=\"elementor-icon-list-icon\">\n\t\t\t\t\t\t\t<i aria-hidden=\"true\" class=\"fas fa-circle\"><\/i>\t\t\t\t\t\t<\/span>\n\t\t\t\t\t\t\t\t\t\t<span class=\"elementor-icon-list-text\">19:00 - ABERTURA<\/span>\n\t\t\t\t\t\t\t\t\t<\/li>\n\t\t\t\t\t\t\t\t<li class=\"elementor-icon-list-item\">\n\t\t\t\t\t\t\t\t\t\t\t<span class=\"elementor-icon-list-icon\">\n\t\t\t\t\t\t\t<i aria-hidden=\"true\" class=\"fas fa-circle\"><\/i>\t\t\t\t\t\t<\/span>\n\t\t\t\t\t\t\t\t\t\t<span class=\"elementor-icon-list-text\">19:30 - 21:00 - PALESTRA COM PROFESSOR DOUTOR ALLEN FARINA - TEMA: CI\u00caNCIA, GLOBALIZA\u00c7\u00c3O E TECNOLOGIAS NA P\u00d3S-GRADUA\u00c7\u00c3O: DESAFIOS E PERSPECTIVAS NA CONTEMPORANEIDADE.<\/span>\n\t\t\t\t\t\t\t\t\t<\/li>\n\t\t\t\t\t\t<\/ul>\n\t\t\t\t<\/div>\n\t\t\t\t<\/div>\n\t\t\t\t<div class=\"elementor-element elementor-element-5cf34ad elementor-widget elementor-widget-heading\" data-id=\"5cf34ad\" data-element_type=\"widget\" data-widget_type=\"heading.default\">\n\t\t\t\t<div class=\"elementor-widget-container\">\n\t\t\t<h2 class=\"elementor-heading-title elementor-size-default\">12\/MAI - SEXTA-FEIRA\n<\/h2>\t\t<\/div>\n\t\t\t\t<\/div>\n\t\t\t\t<div class=\"elementor-element elementor-element-53b38fb elementor-icon-list--layout-traditional elementor-list-item-link-full_width elementor-widget elementor-widget-icon-list\" data-id=\"53b38fb\" data-element_type=\"widget\" data-widget_type=\"icon-list.default\">\n\t\t\t\t<div class=\"elementor-widget-container\">\n\t\t\t\t\t<ul class=\"elementor-icon-list-items\">\n\t\t\t\t\t\t\t<li class=\"elementor-icon-list-item\">\n\t\t\t\t\t\t\t\t\t\t\t<span class=\"elementor-icon-list-icon\">\n\t\t\t\t\t\t\t<i aria-hidden=\"true\" class=\"fas fa-circle\"><\/i>\t\t\t\t\t\t<\/span>\n\t\t\t\t\t\t\t\t\t\t<span class=\"elementor-icon-list-text\">09:00 - 12:00: GTS - APRESENTA\u00c7\u00c3O DE TRABALHOS<\/span>\n\t\t\t\t\t\t\t\t\t<\/li>\n\t\t\t\t\t\t\t\t<li class=\"elementor-icon-list-item\">\n\t\t\t\t\t\t\t\t\t\t\t<span class=\"elementor-icon-list-icon\">\n\t\t\t\t\t\t\t<i aria-hidden=\"true\" class=\"fas fa-circle\"><\/i>\t\t\t\t\t\t<\/span>\n\t\t\t\t\t\t\t\t\t\t<span class=\"elementor-icon-list-text\">12:00 - 14:00: BREAK<\/span>\n\t\t\t\t\t\t\t\t\t<\/li>\n\t\t\t\t\t\t\t\t<li class=\"elementor-icon-list-item\">\n\t\t\t\t\t\t\t\t\t\t\t<span class=\"elementor-icon-list-icon\">\n\t\t\t\t\t\t\t<i aria-hidden=\"true\" class=\"fas fa-circle\"><\/i>\t\t\t\t\t\t<\/span>\n\t\t\t\t\t\t\t\t\t\t<span class=\"elementor-icon-list-text\">14:00 - 16:00: WORKSHOP: AS INTERFACES DA P\u00d3S-GRADUA\u00c7\u00c3O NA EDUCA\u00c7\u00c3O DO SEC. XXI<\/span>\n\t\t\t\t\t\t\t\t\t<\/li>\n\t\t\t\t\t\t\t\t<li class=\"elementor-icon-list-item\">\n\t\t\t\t\t\t\t\t\t\t\t<span class=\"elementor-icon-list-icon\">\n\t\t\t\t\t\t\t<i aria-hidden=\"true\" class=\"fas fa-circle\"><\/i>\t\t\t\t\t\t<\/span>\n\t\t\t\t\t\t\t\t\t\t<span class=\"elementor-icon-list-text\">14:00 - 16:30: PREMIA\u00c7\u00c3O<\/span>\n\t\t\t\t\t\t\t\t\t<\/li>\n\t\t\t\t\t\t\t\t<li class=\"elementor-icon-list-item\">\n\t\t\t\t\t\t\t\t\t\t\t<span class=\"elementor-icon-list-icon\">\n\t\t\t\t\t\t\t<i aria-hidden=\"true\" class=\"fas fa-circle\"><\/i>\t\t\t\t\t\t<\/span>\n\t\t\t\t\t\t\t\t\t\t<span class=\"elementor-icon-list-text\">16:30 - 17:00: ENCERRAMENTO<\/span>\n\t\t\t\t\t\t\t\t\t<\/li>\n\t\t\t\t\t\t<\/ul>\n\t\t\t\t<\/div>\n\t\t\t\t<\/div>\n\t\t\t\t\t<\/div>\n\t\t<\/div>\n\t\t\t\t\t\t\t<\/div>\n\t\t<\/section>\n\t\t\t\t\t\t<\/div>\n\t\t<\/p>\n<\/div>\n<div class=\"ipnrm-data\" data-marker-id=\"4C7C970C76\">\n<p>\t\t<div data-elementor-type=\"section\" data-elementor-id=\"204\" class=\"elementor elementor-204\">\n\t\t\t\t\t\t\t\t<section class=\"elementor-section elementor-top-section elementor-element elementor-element-3c6d5a4 elementor-section-boxed elementor-section-height-default elementor-section-height-default\" data-id=\"3c6d5a4\" data-element_type=\"section\">\n\t\t\t\t\t\t\t<div class=\"elementor-background-overlay\"><\/div>\n\t\t\t\t\t\t\t<div class=\"elementor-container elementor-column-gap-default\">\n\t\t\t\t\t<div class=\"elementor-column elementor-col-100 elementor-top-column elementor-element elementor-element-1113740\" data-id=\"1113740\" data-element_type=\"column\" data-settings=\"{&quot;background_background&quot;:&quot;gradient&quot;}\">\n\t\t\t<div class=\"elementor-widget-wrap elementor-element-populated\">\n\t\t\t\t\t<div class=\"elementor-background-overlay\"><\/div>\n\t\t\t\t\t\t\t\t<div class=\"elementor-element elementor-element-326ebc1 elementor-widget elementor-widget-heading\" data-id=\"326ebc1\" data-element_type=\"widget\" data-widget_type=\"heading.default\">\n\t\t\t\t<div class=\"elementor-widget-container\">\n\t\t\t<h2 class=\"elementor-heading-title elementor-size-default\">CONFIRA A NOSSA<\/h2>\t\t<\/div>\n\t\t\t\t<\/div>\n\t\t\t\t<div class=\"elementor-element elementor-element-8acc155 elementor-widget-tablet__width-inherit elementor-widget elementor-widget-heading\" data-id=\"8acc155\" data-element_type=\"widget\" data-widget_type=\"heading.default\">\n\t\t\t\t<div class=\"elementor-widget-container\">\n\t\t\t<h2 class=\"elementor-heading-title elementor-size-default\">PROGRAMA\u00c7\u00c3O<\/h2>\t\t<\/div>\n\t\t\t\t<\/div>\n\t\t\t\t<div class=\"elementor-element elementor-element-e360ccb elementor-widget elementor-widget-heading\" data-id=\"e360ccb\" data-element_type=\"widget\" data-widget_type=\"heading.default\">\n\t\t\t\t<div class=\"elementor-widget-container\">\n\t\t\t<h2 class=\"elementor-heading-title elementor-size-default\">11\/ MAI - QUINTA-FEIRA:\n<\/h2>\t\t<\/div>\n\t\t\t\t<\/div>\n\t\t\t\t<div class=\"elementor-element elementor-element-d55b837 elementor-icon-list--layout-traditional elementor-list-item-link-full_width elementor-widget elementor-widget-icon-list\" data-id=\"d55b837\" data-element_type=\"widget\" data-widget_type=\"icon-list.default\">\n\t\t\t\t<div class=\"elementor-widget-container\">\n\t\t\t\t\t<ul class=\"elementor-icon-list-items\">\n\t\t\t\t\t\t\t<li class=\"elementor-icon-list-item\">\n\t\t\t\t\t\t\t\t\t\t\t<span class=\"elementor-icon-list-icon\">\n\t\t\t\t\t\t\t<i aria-hidden=\"true\" class=\"fas fa-circle\"><\/i>\t\t\t\t\t\t<\/span>\n\t\t\t\t\t\t\t\t\t\t<span class=\"elementor-icon-list-text\">19:00 - ABERTURA<\/span>\n\t\t\t\t\t\t\t\t\t<\/li>\n\t\t\t\t\t\t\t\t<li class=\"elementor-icon-list-item\">\n\t\t\t\t\t\t\t\t\t\t\t<span class=\"elementor-icon-list-icon\">\n\t\t\t\t\t\t\t<i aria-hidden=\"true\" class=\"fas fa-circle\"><\/i>\t\t\t\t\t\t<\/span>\n\t\t\t\t\t\t\t\t\t\t<span class=\"elementor-icon-list-text\">19:30 - 21:00 - PALESTRA COM PROFESSOR DOUTOR ALLEN FARINA - TEMA: CI\u00caNCIA, GLOBALIZA\u00c7\u00c3O E TECNOLOGIAS NA P\u00d3S-GRADUA\u00c7\u00c3O: DESAFIOS E PERSPECTIVAS NA CONTEMPORANEIDADE.<\/span>\n\t\t\t\t\t\t\t\t\t<\/li>\n\t\t\t\t\t\t<\/ul>\n\t\t\t\t<\/div>\n\t\t\t\t<\/div>\n\t\t\t\t<div class=\"elementor-element elementor-element-5cf34ad elementor-widget elementor-widget-heading\" data-id=\"5cf34ad\" data-element_type=\"widget\" data-widget_type=\"heading.default\">\n\t\t\t\t<div class=\"elementor-widget-container\">\n\t\t\t<h2 class=\"elementor-heading-title elementor-size-default\">12\/MAI - SEXTA-FEIRA\n<\/h2>\t\t<\/div>\n\t\t\t\t<\/div>\n\t\t\t\t<div class=\"elementor-element elementor-element-53b38fb elementor-icon-list--layout-traditional elementor-list-item-link-full_width elementor-widget elementor-widget-icon-list\" data-id=\"53b38fb\" data-element_type=\"widget\" data-widget_type=\"icon-list.default\">\n\t\t\t\t<div class=\"elementor-widget-container\">\n\t\t\t\t\t<ul class=\"elementor-icon-list-items\">\n\t\t\t\t\t\t\t<li class=\"elementor-icon-list-item\">\n\t\t\t\t\t\t\t\t\t\t\t<span class=\"elementor-icon-list-icon\">\n\t\t\t\t\t\t\t<i aria-hidden=\"true\" class=\"fas fa-circle\"><\/i>\t\t\t\t\t\t<\/span>\n\t\t\t\t\t\t\t\t\t\t<span class=\"elementor-icon-list-text\">09:00 - 12:00: GTS - APRESENTA\u00c7\u00c3O DE TRABALHOS<\/span>\n\t\t\t\t\t\t\t\t\t<\/li>\n\t\t\t\t\t\t\t\t<li class=\"elementor-icon-list-item\">\n\t\t\t\t\t\t\t\t\t\t\t<span class=\"elementor-icon-list-icon\">\n\t\t\t\t\t\t\t<i aria-hidden=\"true\" class=\"fas fa-circle\"><\/i>\t\t\t\t\t\t<\/span>\n\t\t\t\t\t\t\t\t\t\t<span class=\"elementor-icon-list-text\">12:00 - 14:00: BREAK<\/span>\n\t\t\t\t\t\t\t\t\t<\/li>\n\t\t\t\t\t\t\t\t<li class=\"elementor-icon-list-item\">\n\t\t\t\t\t\t\t\t\t\t\t<span class=\"elementor-icon-list-icon\">\n\t\t\t\t\t\t\t<i aria-hidden=\"true\" class=\"fas fa-circle\"><\/i>\t\t\t\t\t\t<\/span>\n\t\t\t\t\t\t\t\t\t\t<span class=\"elementor-icon-list-text\">14:00 - 16:00: WORKSHOP: AS INTERFACES DA P\u00d3S-GRADUA\u00c7\u00c3O NA EDUCA\u00c7\u00c3O DO SEC. XXI<\/span>\n\t\t\t\t\t\t\t\t\t<\/li>\n\t\t\t\t\t\t\t\t<li class=\"elementor-icon-list-item\">\n\t\t\t\t\t\t\t\t\t\t\t<span class=\"elementor-icon-list-icon\">\n\t\t\t\t\t\t\t<i aria-hidden=\"true\" class=\"fas fa-circle\"><\/i>\t\t\t\t\t\t<\/span>\n\t\t\t\t\t\t\t\t\t\t<span class=\"elementor-icon-list-text\">14:00 - 16:30: PREMIA\u00c7\u00c3O<\/span>\n\t\t\t\t\t\t\t\t\t<\/li>\n\t\t\t\t\t\t\t\t<li class=\"elementor-icon-list-item\">\n\t\t\t\t\t\t\t\t\t\t\t<span class=\"elementor-icon-list-icon\">\n\t\t\t\t\t\t\t<i aria-hidden=\"true\" class=\"fas fa-circle\"><\/i>\t\t\t\t\t\t<\/span>\n\t\t\t\t\t\t\t\t\t\t<span class=\"elementor-icon-list-text\">16:30 - 17:00: ENCERRAMENTO<\/span>\n\t\t\t\t\t\t\t\t\t<\/li>\n\t\t\t\t\t\t<\/ul>\n\t\t\t\t<\/div>\n\t\t\t\t<\/div>\n\t\t\t\t\t<\/div>\n\t\t<\/div>\n\t\t\t\t\t\t\t<\/div>\n\t\t<\/section>\n\t\t\t\t\t\t<\/div>\n\t\t<\/p>\n<\/div>\n<div class=\"ipnrm-data\" data-marker-id=\"1C7AC2524B\">\n<p><img decoding=\"async\" loading=\"lazy\" class=\"alignnone wp-image-297 size-full\" src=\"https:\/\/eventos.enberuniversity.com\/evento\/wp-content\/uploads\/2023\/05\/PROGRAMACAO-GT1.png\" alt=\"\" width=\"619\" height=\"955\" srcset=\"https:\/\/eventos.enberuniversity.com\/evento\/wp-content\/uploads\/2023\/05\/PROGRAMACAO-GT1.png 619w, https:\/\/eventos.enberuniversity.com\/evento\/wp-content\/uploads\/2023\/05\/PROGRAMACAO-GT1-194x300.png 194w\" sizes=\"(max-width: 619px) 100vw, 619px\" \/><\/p>\n<\/div>\n<div class=\"ipnrm-data\" data-marker-id=\"79D71991D2\">\n<p><img decoding=\"async\" loading=\"lazy\" class=\"alignnone wp-image-298 size-full\" src=\"https:\/\/eventos.enberuniversity.com\/evento\/wp-content\/uploads\/2023\/05\/PROGRAMACAO-GT2.png\" alt=\"\" width=\"619\" height=\"955\" srcset=\"https:\/\/eventos.enberuniversity.com\/evento\/wp-content\/uploads\/2023\/05\/PROGRAMACAO-GT2.png 619w, https:\/\/eventos.enberuniversity.com\/evento\/wp-content\/uploads\/2023\/05\/PROGRAMACAO-GT2-194x300.png 194w\" sizes=\"(max-width: 619px) 100vw, 619px\" \/><\/p>\n<\/div>\n<div class=\"ipnrm-data\" data-marker-id=\"8547C4EE19\">\n<p><img decoding=\"async\" loading=\"lazy\" class=\"alignnone wp-image-299 size-full\" src=\"https:\/\/eventos.enberuniversity.com\/evento\/wp-content\/uploads\/2023\/05\/PROGRAMACAO-GT3.png\" alt=\"\" width=\"619\" height=\"955\" srcset=\"https:\/\/eventos.enberuniversity.com\/evento\/wp-content\/uploads\/2023\/05\/PROGRAMACAO-GT3.png 619w, https:\/\/eventos.enberuniversity.com\/evento\/wp-content\/uploads\/2023\/05\/PROGRAMACAO-GT3-194x300.png 194w\" sizes=\"(max-width: 619px) 100vw, 619px\" \/><\/p>\n<\/div>\n<div class=\"ipnrm-data\" data-marker-id=\"EBA7E83654\">\n<p><img decoding=\"async\" loading=\"lazy\" class=\"alignnone wp-image-300 size-full\" src=\"https:\/\/eventos.enberuniversity.com\/evento\/wp-content\/uploads\/2023\/05\/PROGRAMACAO-GT4.png\" alt=\"\" width=\"619\" height=\"955\" srcset=\"https:\/\/eventos.enberuniversity.com\/evento\/wp-content\/uploads\/2023\/05\/PROGRAMACAO-GT4.png 619w, https:\/\/eventos.enberuniversity.com\/evento\/wp-content\/uploads\/2023\/05\/PROGRAMACAO-GT4-194x300.png 194w\" sizes=\"(max-width: 619px) 100vw, 619px\" \/><\/p>\n<\/div>\n<div class=\"ipnrm-data\" data-marker-id=\"C72073CFC3\">\n<p><img decoding=\"async\" loading=\"lazy\" class=\"alignnone wp-image-323 size-full\" src=\"https:\/\/eventos.enberuniversity.com\/evento\/wp-content\/uploads\/2023\/05\/PROGRAMACAO-GT5-v1.png\" alt=\"\" width=\"696\" height=\"955\" srcset=\"https:\/\/eventos.enberuniversity.com\/evento\/wp-content\/uploads\/2023\/05\/PROGRAMACAO-GT5-v1.png 696w, https:\/\/eventos.enberuniversity.com\/evento\/wp-content\/uploads\/2023\/05\/PROGRAMACAO-GT5-v1-219x300.png 219w\" sizes=\"(max-width: 696px) 100vw, 696px\" \/><\/p>\n<\/div>\n<\/div>\n<\/div>\n<\/div><\/div><!-- ipanorama end --><\/div>\n\t\t\t\t<\/div>\n\t\t\t\t<\/div>\n\t\t\t\t\t<\/div>\n\t\t<\/div>\n\t\t\t\t\t\t\t<\/div>\n\t\t<\/section>\n\t\t\t\t\t\t\t<\/div>\n\t\t","protected":false},"excerpt":{"rendered":"","protected":false},"author":1,"featured_media":0,"parent":0,"menu_order":0,"comment_status":"closed","ping_status":"closed","template":"elementor_canvas","meta":[],"_links":{"self":[{"href":"https:\/\/eventos.enberuniversity.com\/evento\/wp-json\/wp\/v2\/pages\/194"}],"collection":[{"href":"https:\/\/eventos.enberuniversity.com\/evento\/wp-json\/wp\/v2\/pages"}],"about":[{"href":"https:\/\/eventos.enberuniversity.com\/evento\/wp-json\/wp\/v2\/types\/page"}],"author":[{"embeddable":true,"href":"https:\/\/eventos.enberuniversity.com\/evento\/wp-json\/wp\/v2\/users\/1"}],"replies":[{"embeddable":true,"href":"https:\/\/eventos.enberuniversity.com\/evento\/wp-json\/wp\/v2\/comments?post=194"}],"version-history":[{"count":8,"href":"https:\/\/eventos.enberuniversity.com\/evento\/wp-json\/wp\/v2\/pages\/194\/revisions"}],"predecessor-version":[{"id":259,"href":"https:\/\/eventos.enberuniversity.com\/evento\/wp-json\/wp\/v2\/pages\/194\/revisions\/259"}],"wp:attachment":[{"href":"https:\/\/eventos.enberuniversity.com\/evento\/wp-json\/wp\/v2\/media?parent=194"}],"curies":[{"name":"wp","href":"https:\/\/api.w.org\/{rel}","templated":true}]}}